{"id":534,"date":"2023-05-24T14:58:18","date_gmt":"2023-05-24T12:58:18","guid":{"rendered":"https:\/\/www.campinglachanterie.com\/?page_id=534"},"modified":"2024-04-23T09:32:26","modified_gmt":"2024-04-23T07:32:26","slug":"home","status":"publish","type":"page","link":"https:\/\/www.campinglachanterie.com\/en\/","title":{"rendered":"Home"},"content":{"rendered":"\n<div class=\"is-layout-flow wp-block-group alignfull diaporama-header C-05\">\n<figure class=\"is-layout-flex wp-block-gallery-1 wp-block-gallery has-nested-images columns-default is-cropped fc-full\">\n<figure class=\"wp-block-image size-full skip-lazy no-lazy fc-auto\"><img decoding=\"async\" width=\"1920\" height=\"880\" src=\"https:\/\/www.campinglachanterie.com\/wp-content\/uploads\/2023\/10\/banniere-accueil.jpg\" alt=\"\" class=\"wp-image-105\" srcset=\"https:\/\/www.campinglachanterie.com\/wp-content\/uploads\/2023\/10\/banniere-accueil.jpg 1920w, https:\/\/www.campinglachanterie.com\/wp-content\/uploads\/2023\/10\/banniere-accueil-300x138.jpg 300w, https:\/\/www.campinglachanterie.com\/wp-content\/uploads\/2023\/10\/banniere-accueil-1024x469.jpg 1024w, https:\/\/www.campinglachanterie.com\/wp-content\/uploads\/2023\/10\/banniere-accueil-768x352.jpg 768w, https:\/\/www.campinglachanterie.com\/wp-content\/uploads\/2023\/10\/banniere-accueil-1536x704.jpg 1536w\" sizes=\"(max-width: 1920px) 100vw, 1920px\" title=\"\"><\/figure>\n<\/figure>\n\n\n\n<div class=\"is-layout-constrained wp-block-group\">\n<p class=\"has-text-align-center\">Facing the Chausey Islands<\/p>\n\n\n\n<h1 class=\"has-text-align-center\">Camping de la Chanterie **<\/h1>\n<\/div>\n<\/div>\n\n<div class=\"is-layout-flex wp-container-8 wp-block-columns are-vertically-aligned-center C-10\">\n<div class=\"is-layout-flow wp-block-column is-vertically-aligned-center\">\n<h2 class=\"has-bleu-fonce-color has-text-color\">Accommodation<\/h2>\n\n\n\n<p>We are happy to welcome you to our campsite in Saint Pair sur Mer in the Bay of Mont Saint Michel, where good humor reigns. Ideally located 1.6 km from the sandy beach of Kairon in Saint Pair sur Mer, Camping de la Chanterie offers calm and relaxation in a wooded and flowery environment.<\/p>\n\n\n\n<p>For nature vacations, between land and sea, our 2-star campsite offers camping-caravanning pitches, comfortable mobile homes and year-round plots.<\/p>\n\n\n\n<div class=\"is-layout-flex wp-block-buttons\">\n<div class=\"wp-block-button btn_resa\"><a class=\"wp-block-button__link wp-element-button\"><span class=\"fc-icon magnifying-glass-solid\"><\/span>  Book now<\/a><\/div>\n\n\n\n<div class=\"wp-block-button fc-style-2\"><a class=\"wp-block-button__link wp-element-button\" href=\"https:\/\/www.campinglachanterie.com\/en\/accommodation\/\"><span class=\"fc-icon house-tree-solid\"><\/span>  See accommodations<\/a><\/div>\n<\/div>\n<\/div>\n\n\n\n<div class=\"is-layout-flow wp-block-column is-vertically-aligned-center\">\n<figure class=\"wp-block-image size-full fc-auto\"><img decoding=\"async\" width=\"1920\" height=\"1920\" src=\"https:\/\/www.campinglachanterie.com\/wp-content\/uploads\/2023\/10\/photo-chanterie-6.jpg\" alt=\"\" class=\"wp-image-476\" srcset=\"https:\/\/www.campinglachanterie.com\/wp-content\/uploads\/2023\/10\/photo-chanterie-6.jpg 1920w, https:\/\/www.campinglachanterie.com\/wp-content\/uploads\/2023\/10\/photo-chanterie-6-300x300.jpg 300w, https:\/\/www.campinglachanterie.com\/wp-content\/uploads\/2023\/10\/photo-chanterie-6-1024x1024.jpg 1024w, https:\/\/www.campinglachanterie.com\/wp-content\/uploads\/2023\/10\/photo-chanterie-6-150x150.jpg 150w, https:\/\/www.campinglachanterie.com\/wp-content\/uploads\/2023\/10\/photo-chanterie-6-768x768.jpg 768w, https:\/\/www.campinglachanterie.com\/wp-content\/uploads\/2023\/10\/photo-chanterie-6-1536x1536.jpg 1536w\" sizes=\"(max-width: 1920px) 100vw, 1920px\" title=\"\"><\/figure>\n<\/div>\n<\/div>\n\n<div class=\"is-layout-constrained wp-block-group alignfull C-15 has-vert-background-color has-background\">\n<h2 class=\"has-text-align-center\">The swimming pool<\/h2>\n\n\n\n<p class=\"has-text-align-center\">Pour des moments de d\u00e9tente, <a href=\"https:\/\/www.campinglachanterie.com\/en\/pool\/\" data-type=\"page\" data-id=\"86\">piscine chauff\u00e9e<\/a>, <a href=\"https:\/\/www.campinglachanterie.com\/en\/animations\/\" data-type=\"page\" data-id=\"88\">aire de jeux, terrain de sport, soir\u00e9es \u00e0 th\u00e8mes<\/a>&#8230; vous attendent pour des vacances plac\u00e9es sous le signe de la convivialit\u00e9.<\/p>\n\n\n\n<div class=\"is-content-justification-center is-layout-flex wp-container-9 wp-block-buttons\">\n<div class=\"wp-block-button fc-style-2\"><a class=\"wp-block-button__link wp-element-button\" href=\"https:\/\/www.campinglachanterie.com\/en\/pool\/\"><span class=\"fc-icon water-solid\"><\/span>  Discover the pool<\/a><\/div>\n\n\n\n<div class=\"wp-block-button btn_galerie fc-style-3\"><a class=\"wp-block-button__link wp-element-button\" href=\"https:\/\/www.campinglachanterie.com\/en\/photo-gallery\/\"><span class=\"fc-icon image-solid\"><\/span>  See photo gallery<\/a><\/div>\n<\/div>\n\n\n\n<figure class=\"is-layout-flex wp-block-gallery-10 wp-block-gallery has-nested-images columns-default is-cropped fc-auto\">\n<figure class=\"wp-block-image size-full fc-auto\"><img decoding=\"async\" width=\"1210\" height=\"560\" src=\"https:\/\/www.campinglachanterie.com\/wp-content\/uploads\/2023\/10\/photo-635726369080014346-1.jpg\" alt=\"\" class=\"wp-image-113\" srcset=\"https:\/\/www.campinglachanterie.com\/wp-content\/uploads\/2023\/10\/photo-635726369080014346-1.jpg 1210w, https:\/\/www.campinglachanterie.com\/wp-content\/uploads\/2023\/10\/photo-635726369080014346-1-300x139.jpg 300w, https:\/\/www.campinglachanterie.com\/wp-content\/uploads\/2023\/10\/photo-635726369080014346-1-1024x474.jpg 1024w, https:\/\/www.campinglachanterie.com\/wp-content\/uploads\/2023\/10\/photo-635726369080014346-1-768x355.jpg 768w\" sizes=\"(max-width: 1210px) 100vw, 1210px\" title=\"\"><\/figure>\n\n\n\n<figure class=\"wp-block-image size-full fc-auto\"><img decoding=\"async\" width=\"1920\" height=\"1080\" src=\"https:\/\/www.campinglachanterie.com\/wp-content\/uploads\/2023\/10\/photo-chanterie-2.jpg\" alt=\"\" class=\"wp-image-468\" srcset=\"https:\/\/www.campinglachanterie.com\/wp-content\/uploads\/2023\/10\/photo-chanterie-2.jpg 1920w, https:\/\/www.campinglachanterie.com\/wp-content\/uploads\/2023\/10\/photo-chanterie-2-300x169.jpg 300w, https:\/\/www.campinglachanterie.com\/wp-content\/uploads\/2023\/10\/photo-chanterie-2-1024x576.jpg 1024w, https:\/\/www.campinglachanterie.com\/wp-content\/uploads\/2023\/10\/photo-chanterie-2-768x432.jpg 768w, https:\/\/www.campinglachanterie.com\/wp-content\/uploads\/2023\/10\/photo-chanterie-2-1536x864.jpg 1536w\" sizes=\"(max-width: 1920px) 100vw, 1920px\" title=\"\"><\/figure>\n<\/figure>\n<\/div>\n\n<div class=\"is-layout-flex wp-container-16 wp-block-columns are-vertically-aligned-center C-20\">\n<div class=\"is-layout-flow wp-block-column is-vertically-aligned-center\">\n<ul class=\"pictos\">\n<li><span class=\"fc-icon washing-machine-solid\"><\/span>  Laundry area<\/li>\n\n\n\n<li><span class=\"fc-icon martini-glass-citrus-solid\"><\/span>  Snack &amp; Bar<\/li>\n\n\n\n<li><span class=\"fc-icon wifi-solid\"><\/span>  Wifi access at the bar<\/li>\n\n\n\n<li><span class=\"fc-icon trophy-solid\"><\/span>  Sports tournaments<\/li>\n\n\n\n<li><span class=\"fc-icon party-horn-solid\"><\/span>  Dance evenings<\/li>\n\n\n\n<li><span class=\"fc-icon user-chef-solid\"><\/span>  Theme meals<\/li>\n<\/ul>\n\n\n\n<figure class=\"wp-block-image size-large fc-auto\"><img decoding=\"async\" width=\"1024\" height=\"474\" src=\"https:\/\/www.campinglachanterie.com\/wp-content\/uploads\/2023\/10\/photo-635735890751303674-1-1024x474.jpg\" alt=\"\" class=\"wp-image-119\" srcset=\"https:\/\/www.campinglachanterie.com\/wp-content\/uploads\/2023\/10\/photo-635735890751303674-1-1024x474.jpg 1024w, https:\/\/www.campinglachanterie.com\/wp-content\/uploads\/2023\/10\/photo-635735890751303674-1-300x139.jpg 300w, https:\/\/www.campinglachanterie.com\/wp-content\/uploads\/2023\/10\/photo-635735890751303674-1-768x355.jpg 768w, https:\/\/www.campinglachanterie.com\/wp-content\/uploads\/2023\/10\/photo-635735890751303674-1.jpg 1210w\" sizes=\"(max-width: 1024px) 100vw, 1024px\" title=\"\"><\/figure>\n<\/div>\n\n\n\n<div class=\"is-layout-flow wp-block-column is-vertically-aligned-center\">\n<h2 class=\"has-bleu-fonce-color has-text-color\">Our services and activities<\/h2>\n\n\n\n<p>Discover our campsite in Normandy, combining charm and convenience. Take advantage of the friendly bar, laundry facilities, equipment loans and bed linen hire to make your stay as comfortable as possible. Our convenience store, bread depot and Wi-Fi access at the bar complete the experience. Welcome to an authentic and practical setting.<\/p>\n\n\n\n<div class=\"is-layout-flex wp-block-buttons\">\n<div class=\"wp-block-button\"><a class=\"wp-block-button__link wp-element-button\" href=\"https:\/\/www.campinglachanterie.com\/en\/services\/\"><span class=\"fc-icon fork-knife-solid\"><\/span>  View services<\/a><\/div>\n\n\n\n<div class=\"wp-block-button fc-style-2\"><a class=\"wp-block-button__link wp-element-button\" href=\"https:\/\/www.campinglachanterie.com\/en\/animations\/\"><span class=\"fc-icon volleyball-solid\"><\/span>  Discover our activities<\/a><\/div>\n<\/div>\n<\/div>\n<\/div>\n\n<div class=\"is-layout-constrained wp-block-group alignfull C-25 has-bleu-background-color has-background\">\n<div class=\"is-layout-flex wp-container-22 wp-block-columns\">\n<div class=\"is-layout-flow wp-block-column is-vertically-aligned-center\">\n<h2>Tourism near the campsite<\/h2>\n\n\n\n<p>Au coeur de la <a href=\"https:\/\/www.campinglachanterie.com\/en\/alentours\/mont-saint-michel\/\" data-type=\"alentours\" data-id=\"308\">Baie du Mont Saint-Michel<\/a>, \u00e0 50 kms du Mont pr\u00e8s des \u00eeles Anglo-Normandes et de Granville, le Camping de la Chanterie offre une situation id\u00e9ale pour des vacances au grand air : plage et farniente, sports nautiques, p\u00eache \u00e0 pied, randonn\u00e9es, d\u00e9couverte d&#8217;un riche patrimoine culturel, historique et naturel&#8230; seront au programme de votre s\u00e9jour.<\/p>\n\n\n\n<div class=\"is-layout-flex wp-block-buttons\">\n<div class=\"wp-block-button\"><a class=\"wp-block-button__link wp-element-button\" href=\"https:\/\/www.campinglachanterie.com\/en\/tourism\/\"><span class=\"fc-icon globe-stand-solid\"><\/span>  Discover the surrounding area<\/a><\/div>\n\n\n\n<div class=\"wp-block-button btn_galerie fc-style-3\"><a class=\"wp-block-button__link wp-element-button\" href=\"https:\/\/www.campinglachanterie.com\/en\/photo-gallery\/\"><span class=\"fc-icon image-solid\"><\/span>  See photo gallery<\/a><\/div>\n<\/div>\n<\/div>\n\n\n\n<div class=\"is-layout-flow wp-block-column is-vertically-aligned-center\">\n<figure class=\"is-layout-flex wp-block-gallery-19 wp-block-gallery has-nested-images columns-1 is-cropped fc-diapo fc-auto\">\n<figure class=\"wp-block-image size-full fc-auto\"><img decoding=\"async\" width=\"1920\" height=\"1228\" src=\"https:\/\/www.campinglachanterie.com\/wp-content\/uploads\/2023\/10\/dylan-leagh-FTfw3qzJyTo-unsplash.jpg\" alt=\"\" class=\"wp-image-297\" srcset=\"https:\/\/www.campinglachanterie.com\/wp-content\/uploads\/2023\/10\/dylan-leagh-FTfw3qzJyTo-unsplash.jpg 1920w, https:\/\/www.campinglachanterie.com\/wp-content\/uploads\/2023\/10\/dylan-leagh-FTfw3qzJyTo-unsplash-300x192.jpg 300w, https:\/\/www.campinglachanterie.com\/wp-content\/uploads\/2023\/10\/dylan-leagh-FTfw3qzJyTo-unsplash-1024x655.jpg 1024w, https:\/\/www.campinglachanterie.com\/wp-content\/uploads\/2023\/10\/dylan-leagh-FTfw3qzJyTo-unsplash-768x491.jpg 768w, https:\/\/www.campinglachanterie.com\/wp-content\/uploads\/2023\/10\/dylan-leagh-FTfw3qzJyTo-unsplash-1536x982.jpg 1536w\" sizes=\"(max-width: 1920px) 100vw, 1920px\" title=\"\"><\/figure>\n\n\n\n<figure class=\"wp-block-image size-full fc-auto\"><img decoding=\"async\" width=\"1920\" height=\"1440\" src=\"https:\/\/www.campinglachanterie.com\/wp-content\/uploads\/2023\/10\/nick-fewings-9gWighoa5kA-unsplash.jpg\" alt=\"\" class=\"wp-image-306\" srcset=\"https:\/\/www.campinglachanterie.com\/wp-content\/uploads\/2023\/10\/nick-fewings-9gWighoa5kA-unsplash.jpg 1920w, https:\/\/www.campinglachanterie.com\/wp-content\/uploads\/2023\/10\/nick-fewings-9gWighoa5kA-unsplash-300x225.jpg 300w, https:\/\/www.campinglachanterie.com\/wp-content\/uploads\/2023\/10\/nick-fewings-9gWighoa5kA-unsplash-1024x768.jpg 1024w, https:\/\/www.campinglachanterie.com\/wp-content\/uploads\/2023\/10\/nick-fewings-9gWighoa5kA-unsplash-768x576.jpg 768w, https:\/\/www.campinglachanterie.com\/wp-content\/uploads\/2023\/10\/nick-fewings-9gWighoa5kA-unsplash-1536x1152.jpg 1536w\" sizes=\"(max-width: 1920px) 100vw, 1920px\" title=\"\"><\/figure>\n\n\n\n<figure class=\"wp-block-image size-full fc-auto\"><img decoding=\"async\" width=\"1920\" height=\"1280\" src=\"https:\/\/www.campinglachanterie.com\/wp-content\/uploads\/2023\/10\/ronan-potier-fFs7RgpRvhs-unsplash.jpg\" alt=\"\" class=\"wp-image-303\" srcset=\"https:\/\/www.campinglachanterie.com\/wp-content\/uploads\/2023\/10\/ronan-potier-fFs7RgpRvhs-unsplash.jpg 1920w, https:\/\/www.campinglachanterie.com\/wp-content\/uploads\/2023\/10\/ronan-potier-fFs7RgpRvhs-unsplash-300x200.jpg 300w, https:\/\/www.campinglachanterie.com\/wp-content\/uploads\/2023\/10\/ronan-potier-fFs7RgpRvhs-unsplash-1024x683.jpg 1024w, https:\/\/www.campinglachanterie.com\/wp-content\/uploads\/2023\/10\/ronan-potier-fFs7RgpRvhs-unsplash-768x512.jpg 768w, https:\/\/www.campinglachanterie.com\/wp-content\/uploads\/2023\/10\/ronan-potier-fFs7RgpRvhs-unsplash-1536x1024.jpg 1536w\" sizes=\"(max-width: 1920px) 100vw, 1920px\" title=\"\"><\/figure>\n\n\n\n<figure class=\"wp-block-image size-full fc-auto\"><img decoding=\"async\" width=\"1920\" height=\"1280\" src=\"https:\/\/www.campinglachanterie.com\/wp-content\/uploads\/2023\/10\/ronan-potier-9JNHGNXcT8I-unsplash.jpg\" alt=\"\" class=\"wp-image-299\" srcset=\"https:\/\/www.campinglachanterie.com\/wp-content\/uploads\/2023\/10\/ronan-potier-9JNHGNXcT8I-unsplash.jpg 1920w, https:\/\/www.campinglachanterie.com\/wp-content\/uploads\/2023\/10\/ronan-potier-9JNHGNXcT8I-unsplash-300x200.jpg 300w, https:\/\/www.campinglachanterie.com\/wp-content\/uploads\/2023\/10\/ronan-potier-9JNHGNXcT8I-unsplash-1024x683.jpg 1024w, https:\/\/www.campinglachanterie.com\/wp-content\/uploads\/2023\/10\/ronan-potier-9JNHGNXcT8I-unsplash-768x512.jpg 768w, https:\/\/www.campinglachanterie.com\/wp-content\/uploads\/2023\/10\/ronan-potier-9JNHGNXcT8I-unsplash-1536x1024.jpg 1536w\" sizes=\"(max-width: 1920px) 100vw, 1920px\" title=\"\"><\/figure>\n\n\n\n<figure class=\"wp-block-image size-full fc-auto\"><img decoding=\"async\" width=\"1920\" height=\"1440\" src=\"https:\/\/www.campinglachanterie.com\/wp-content\/uploads\/2023\/10\/tiemen-aperloo-GHyCChUxSjk-unsplash.jpg\" alt=\"\" class=\"wp-image-325\" srcset=\"https:\/\/www.campinglachanterie.com\/wp-content\/uploads\/2023\/10\/tiemen-aperloo-GHyCChUxSjk-unsplash.jpg 1920w, https:\/\/www.campinglachanterie.com\/wp-content\/uploads\/2023\/10\/tiemen-aperloo-GHyCChUxSjk-unsplash-300x225.jpg 300w, https:\/\/www.campinglachanterie.com\/wp-content\/uploads\/2023\/10\/tiemen-aperloo-GHyCChUxSjk-unsplash-1024x768.jpg 1024w, https:\/\/www.campinglachanterie.com\/wp-content\/uploads\/2023\/10\/tiemen-aperloo-GHyCChUxSjk-unsplash-768x576.jpg 768w, https:\/\/www.campinglachanterie.com\/wp-content\/uploads\/2023\/10\/tiemen-aperloo-GHyCChUxSjk-unsplash-1536x1152.jpg 1536w\" sizes=\"(max-width: 1920px) 100vw, 1920px\" title=\"\"><\/figure>\n\n\n\n<figure class=\"wp-block-image size-full fc-auto\"><img decoding=\"async\" width=\"1920\" height=\"1284\" src=\"https:\/\/www.campinglachanterie.com\/wp-content\/uploads\/2023\/10\/Saint-Pair-sur-Mer.jpg\" alt=\"\" class=\"wp-image-310\" srcset=\"https:\/\/www.campinglachanterie.com\/wp-content\/uploads\/2023\/10\/Saint-Pair-sur-Mer.jpg 1920w, https:\/\/www.campinglachanterie.com\/wp-content\/uploads\/2023\/10\/Saint-Pair-sur-Mer-300x201.jpg 300w, https:\/\/www.campinglachanterie.com\/wp-content\/uploads\/2023\/10\/Saint-Pair-sur-Mer-1024x685.jpg 1024w, https:\/\/www.campinglachanterie.com\/wp-content\/uploads\/2023\/10\/Saint-Pair-sur-Mer-768x514.jpg 768w, https:\/\/www.campinglachanterie.com\/wp-content\/uploads\/2023\/10\/Saint-Pair-sur-Mer-1536x1027.jpg 1536w\" sizes=\"(max-width: 1920px) 100vw, 1920px\" title=\"\"><\/figure>\n\n\n\n<figure class=\"wp-block-image size-full fc-auto\"><img decoding=\"async\" width=\"1023\" height=\"678\" src=\"https:\/\/www.campinglachanterie.com\/wp-content\/uploads\/2023\/10\/19578527681_0bf7da350e_b.jpg\" alt=\"\" class=\"wp-image-313\" srcset=\"https:\/\/www.campinglachanterie.com\/wp-content\/uploads\/2023\/10\/19578527681_0bf7da350e_b.jpg 1023w, https:\/\/www.campinglachanterie.com\/wp-content\/uploads\/2023\/10\/19578527681_0bf7da350e_b-300x199.jpg 300w, https:\/\/www.campinglachanterie.com\/wp-content\/uploads\/2023\/10\/19578527681_0bf7da350e_b-768x509.jpg 768w\" sizes=\"(max-width: 1023px) 100vw, 1023px\" title=\"\"><\/figure>\n<\/figure>\n<\/div>\n<\/div>\n<\/div>\n","protected":false},"excerpt":{"rendered":"<p>Facing the Chausey Islands Camping de la Chanterie ** Accommodation We are happy to welcome you to our campsite in Saint Pair sur Mer in the Bay of Mont Saint Michel, where good humor reigns. Ideally located 1.6 km from the sandy beach of Kairon in Saint Pair sur Mer, Camping de la Chanterie offers [&hellip;]<\/p>\n","protected":false},"author":1,"featured_media":0,"parent":0,"menu_order":0,"comment_status":"closed","ping_status":"closed","template":"","meta":[],"acf":[],"_links":{"self":[{"href":"https:\/\/www.campinglachanterie.com\/en\/wp-json\/wp\/v2\/pages\/534"}],"collection":[{"href":"https:\/\/www.campinglachanterie.com\/en\/wp-json\/wp\/v2\/pages"}],"about":[{"href":"https:\/\/www.campinglachanterie.com\/en\/wp-json\/wp\/v2\/types\/page"}],"author":[{"embeddable":true,"href":"https:\/\/www.campinglachanterie.com\/en\/wp-json\/wp\/v2\/users\/1"}],"replies":[{"embeddable":true,"href":"https:\/\/www.campinglachanterie.com\/en\/wp-json\/wp\/v2\/comments?post=534"}],"version-history":[{"count":6,"href":"https:\/\/www.campinglachanterie.com\/en\/wp-json\/wp\/v2\/pages\/534\/revisions"}],"predecessor-version":[{"id":706,"href":"https:\/\/www.campinglachanterie.com\/en\/wp-json\/wp\/v2\/pages\/534\/revisions\/706"}],"wp:attachment":[{"href":"https:\/\/www.campinglachanterie.com\/en\/wp-json\/wp\/v2\/media?parent=534"}],"curies":[{"name":"wp","href":"https:\/\/api.w.org\/{rel}","templated":true}]}}